{"id":4715,"date":"2022-09-04T15:44:31","date_gmt":"2022-09-04T12:44:31","guid":{"rendered":"https:\/\/luvatjavalvonta.fi\/sdl-identifikationsuppgifter\/"},"modified":"2026-01-05T13:47:34","modified_gmt":"2026-01-05T11:47:34","slug":"sdl-identifikationsuppgifter","status":"publish","type":"page","link":"http:\/\/www.luvatjavalvonta.fi\/sv\/inforande\/instruktioner\/sdl-identifikationsuppgifter\/","title":{"rendered":"SDL-identifikationsuppgifter"},"content":{"rendered":"\n<div class=\"wp-block-group\"><div class=\"wp-block-group__inner-container is-layout-flow wp-block-group-is-layout-flow\">\n<hr class=\"wp-block-separator has-alpha-channel-opacity\"\/>\n<\/div><\/div>\n\n\n\n<div class=\"wp-block-columns is-layout-flex wp-container-core-columns-is-layout-9d6595d7 wp-block-columns-is-layout-flex\">\n<div class=\"wp-block-column is-layout-flow wp-block-column-is-layout-flow\" style=\"flex-basis:33.33%\">\n<p>Det b\u00e4sta s\u00e4ttet att ta reda p\u00e5 SDL-identifieringsuppgifterna f\u00f6r organisations- och e-tj\u00e4nster \u00e4r att kontakta SDL-administrat\u00f6ren i din egen organisation.<\/p>\n<p>Alternativt kan du v\u00e4nda dig till Suomi.fi-servicedatalagrets (SDL) kundtj\u00e4nst:\u00a0<a href=\"mailto:ptv-tuki@dvv.fi\">ptv-tuki(at)dvv.fi<\/a><\/p>\n<p>Dessutom har Myndigheten f\u00f6r digitalisering och befolkningsdata en\u00a0<a href=\"https:\/\/palveluhallinta.suomi.fi\/storage\/cms.files\/0hXg58slVCJn9E1B.pdf\" target=\"_blank\" rel=\"noopener\">anvisning<\/a>\u00a0f\u00f6r Suomi.fi-servicedatalagret.<\/p>\n<\/div>\n\n\n\n<div class=\"wp-block-column is-layout-flow wp-block-column-is-layout-flow\" style=\"flex-basis:66.66%\">\n<figure class=\"wp-block-image size-large\"><img loading=\"lazy\" decoding=\"async\" width=\"1024\" height=\"768\" src=\"https:\/\/luvatjavalvonta.fi\/content\/uploads\/2022\/07\/telescope-122960-1024x768.jpg\" alt=\"Sis\u00e4ll\u00f6n kuvittamiskuva kaukoputkesta\" class=\"wp-image-2086\" srcset=\"http:\/\/www.luvatjavalvonta.fi\/content\/uploads\/2022\/07\/telescope-122960-1024x768.jpg 1024w, http:\/\/www.luvatjavalvonta.fi\/content\/uploads\/2022\/07\/telescope-122960-300x225.jpg 300w, http:\/\/www.luvatjavalvonta.fi\/content\/uploads\/2022\/07\/telescope-122960-768x576.jpg 768w, http:\/\/www.luvatjavalvonta.fi\/content\/uploads\/2022\/07\/telescope-122960-1536x1152.jpg 1536w, http:\/\/www.luvatjavalvonta.fi\/content\/uploads\/2022\/07\/telescope-122960-2048x1536.jpg 2048w, http:\/\/www.luvatjavalvonta.fi\/content\/uploads\/2022\/07\/telescope-122960-267x200.jpg 267w\" sizes=\"auto, (max-width: 1024px) 100vw, 1024px\" \/><\/figure>\n<\/div>\n<\/div>\n\n\n\n<p>F\u00f6r att anv\u00e4nda den h\u00e4r anvisningen beh\u00f6ver du f\u00f6ljande information:<\/p>\n<ul>\n<li>Organisationens namn<\/li>\n<li>Tj\u00e4nstens (e-tj\u00e4nstens) namn<\/li>\n<\/ul>\n<h2>F\u00f6ruts\u00e4ttningar<\/h2>\n<p>F\u00f6r att SDL-identifierare ska finnas och d\u00e4rmed kunna uppt\u00e4ckas ska f\u00f6ljande krav uppfyllas:<\/p>\n<ul>\n<li>Tj\u00e4nsten Suomi.fi-servicedatalagret har inf\u00f6rts i din organisation<\/li>\n<li>Tj\u00e4nsten ska vara registrerad som en e-tj\u00e4nst i Suomi.fi-servicedatalagret.<\/li>\n<\/ul>\n<p>S\u00e5 h\u00e4r hittar du\u00a0<strong>SDL-organisationsbeteckningen<\/strong>\u00a0och\u00a0<strong>-n\u00e4ttj\u00e4nstbeteckningen<\/strong>\u00a0<a href=\"https:\/\/www.suomi.fi\/hemsidan\" target=\"_blank\" rel=\"noopener\">i Suomi.fi-n\u00e4ttj\u00e4nsten<i class=\"fas fa-external-link-alt\" aria-hidden=\"true\"><span class=\"sr-only\">\u00d6ppnas i en ny flik<\/span><\/i><\/a>\u00a0\u2013 g\u00e5 till tj\u00e4nsten via l\u00e4nken eller adressen\u00a0<a href=\"https:\/\/www.suomi.fi\/hemsidan\">https:\/\/www.suomi.fi<\/a><\/p>\n\n\n\n<div class=\"wp-block-columns is-layout-flex wp-container-core-columns-is-layout-9d6595d7 wp-block-columns-is-layout-flex\">\n<div class=\"wp-block-column is-vertically-aligned-top is-layout-flow wp-block-column-is-layout-flow\" style=\"flex-basis:33.33%\">\n<h3>SDL-<br \/>organisationsidentifierare<\/h3>\n<p><strong>(1)<\/strong>\u00a0Ange som s\u00f6kord i s\u00f6kf\u00e4ltet\u00a0<b>din organisations<\/b>\u00a0<b>officiella<\/b>\u00a0<b>namn<\/b>\u00a0och klicka p\u00e5 f\u00f6rstoringsglaset (s\u00f6k)<\/p>\n<p><strong>(2)<\/strong>\u00a0V\u00e4lj beskrivningen av din organisation bland s\u00f6kresultaten<\/p>\n<ul>\n<li><b>Organisationens<\/b>\u00a0<b>namn<\/b>\u00a0OCH<\/li>\n<li>Underkategori \u201d<b>Organisation<\/b>\u201d<\/li>\n<\/ul>\n<\/div>\n\n\n\n<div class=\"wp-block-column is-layout-flow wp-block-column-is-layout-flow\" style=\"flex-basis:66.66%\">\n<figure data-wp-context=\"{&quot;imageId&quot;:&quot;69dbd0fae1913&quot;}\" data-wp-interactive=\"core\/image\" class=\"wp-block-image size-large wp-lightbox-container\"><img loading=\"lazy\" decoding=\"async\" width=\"1024\" height=\"449\" data-wp-class--hide=\"state.isContentHidden\" data-wp-class--show=\"state.isContentVisible\" data-wp-init=\"callbacks.setButtonStyles\" data-wp-on-async--click=\"actions.showLightbox\" data-wp-on-async--load=\"callbacks.setButtonStyles\" data-wp-on-async-window--resize=\"callbacks.setButtonStyles\" src=\"https:\/\/luvatjavalvonta.fi\/content\/uploads\/2026\/01\/image-1024x449.png\" alt=\"\" class=\"wp-image-8336\" srcset=\"http:\/\/www.luvatjavalvonta.fi\/content\/uploads\/2026\/01\/image-1024x449.png 1024w, http:\/\/www.luvatjavalvonta.fi\/content\/uploads\/2026\/01\/image-300x131.png 300w, http:\/\/www.luvatjavalvonta.fi\/content\/uploads\/2026\/01\/image-768x337.png 768w, http:\/\/www.luvatjavalvonta.fi\/content\/uploads\/2026\/01\/image-1536x673.png 1536w, http:\/\/www.luvatjavalvonta.fi\/content\/uploads\/2026\/01\/image-2048x898.png 2048w\" sizes=\"auto, (max-width: 1024px) 100vw, 1024px\" \/><button\n\t\t\tclass=\"lightbox-trigger\"\n\t\t\ttype=\"button\"\n\t\t\taria-haspopup=\"dialog\"\n\t\t\taria-label=\"Enlarge\"\n\t\t\tdata-wp-init=\"callbacks.initTriggerButton\"\n\t\t\tdata-wp-on-async--click=\"actions.showLightbox\"\n\t\t\tdata-wp-style--right=\"state.imageButtonRight\"\n\t\t\tdata-wp-style--top=\"state.imageButtonTop\"\n\t\t>\n\t\t\t<svg xmlns=\"http:\/\/www.w3.org\/2000\/svg\" width=\"12\" height=\"12\" fill=\"none\" viewBox=\"0 0 12 12\">\n\t\t\t\t<path fill=\"#fff\" d=\"M2 0a2 2 0 0 0-2 2v2h1.5V2a.5.5 0 0 1 .5-.5h2V0H2Zm2 10.5H2a.5.5 0 0 1-.5-.5V8H0v2a2 2 0 0 0 2 2h2v-1.5ZM8 12v-1.5h2a.5.5 0 0 0 .5-.5V8H12v2a2 2 0 0 1-2 2H8Zm2-12a2 2 0 0 1 2 2v2h-1.5V2a.5.5 0 0 0-.5-.5H8V0h2Z\" \/>\n\t\t\t<\/svg>\n\t\t<\/button><\/figure>\n<\/div>\n<\/div>\n\n\n\n<div class=\"wp-block-columns is-layout-flex wp-container-core-columns-is-layout-9d6595d7 wp-block-columns-is-layout-flex\">\n<div class=\"wp-block-column is-layout-flow wp-block-column-is-layout-flow\" style=\"flex-basis:33.33%\">\n<p><strong>(3)<\/strong>\u00a0Du hittar SDL-organisationsidentifieraren i webbl\u00e4sarens URL-f\u00e4lt efter det sista \u201d\/\u201d-tecknet<\/p>\n<ul>\n<li>I exemplet \u00e4r arbets- och n\u00e4ringsministeriets organisationsidentifierare \u201d0855861c-e19c-4e7e-816e-4223d5c106df\u201d<\/li>\n<\/ul>\n<p>Identifieraren best\u00e5r alltid av 36 tecken<\/p>\n<p>Tips! Kopiera din organisations identifierare fr\u00e5n URL-f\u00e4ltet till anslutningsblanketten<\/p>\n<\/div>\n\n\n\n<div class=\"wp-block-column is-layout-flow wp-block-column-is-layout-flow\" style=\"flex-basis:66.66%\">\n<figure data-wp-context=\"{&quot;imageId&quot;:&quot;69dbd0fae34c0&quot;}\" data-wp-interactive=\"core\/image\" class=\"wp-block-image size-large wp-lightbox-container\"><img loading=\"lazy\" decoding=\"async\" width=\"1024\" height=\"634\" data-wp-class--hide=\"state.isContentHidden\" data-wp-class--show=\"state.isContentVisible\" data-wp-init=\"callbacks.setButtonStyles\" data-wp-on-async--click=\"actions.showLightbox\" data-wp-on-async--load=\"callbacks.setButtonStyles\" data-wp-on-async-window--resize=\"callbacks.setButtonStyles\" src=\"https:\/\/luvatjavalvonta.fi\/content\/uploads\/2026\/01\/image-1-1024x634.png\" alt=\"\" class=\"wp-image-8338\" srcset=\"http:\/\/www.luvatjavalvonta.fi\/content\/uploads\/2026\/01\/image-1-1024x634.png 1024w, http:\/\/www.luvatjavalvonta.fi\/content\/uploads\/2026\/01\/image-1-300x186.png 300w, http:\/\/www.luvatjavalvonta.fi\/content\/uploads\/2026\/01\/image-1-768x475.png 768w, http:\/\/www.luvatjavalvonta.fi\/content\/uploads\/2026\/01\/image-1.png 1512w\" sizes=\"auto, (max-width: 1024px) 100vw, 1024px\" \/><button\n\t\t\tclass=\"lightbox-trigger\"\n\t\t\ttype=\"button\"\n\t\t\taria-haspopup=\"dialog\"\n\t\t\taria-label=\"Enlarge\"\n\t\t\tdata-wp-init=\"callbacks.initTriggerButton\"\n\t\t\tdata-wp-on-async--click=\"actions.showLightbox\"\n\t\t\tdata-wp-style--right=\"state.imageButtonRight\"\n\t\t\tdata-wp-style--top=\"state.imageButtonTop\"\n\t\t>\n\t\t\t<svg xmlns=\"http:\/\/www.w3.org\/2000\/svg\" width=\"12\" height=\"12\" fill=\"none\" viewBox=\"0 0 12 12\">\n\t\t\t\t<path fill=\"#fff\" d=\"M2 0a2 2 0 0 0-2 2v2h1.5V2a.5.5 0 0 1 .5-.5h2V0H2Zm2 10.5H2a.5.5 0 0 1-.5-.5V8H0v2a2 2 0 0 0 2 2h2v-1.5ZM8 12v-1.5h2a.5.5 0 0 0 .5-.5V8H12v2a2 2 0 0 1-2 2H8Zm2-12a2 2 0 0 1 2 2v2h-1.5V2a.5.5 0 0 0-.5-.5H8V0h2Z\" \/>\n\t\t\t<\/svg>\n\t\t<\/button><\/figure>\n<\/div>\n<\/div>\n\n\n\n<div class=\"wp-block-columns is-layout-flex wp-container-core-columns-is-layout-9d6595d7 wp-block-columns-is-layout-flex\">\n<div class=\"wp-block-column is-layout-flow wp-block-column-is-layout-flow\" style=\"flex-basis:33.33%\">\n<h3>SDL-<br \/>n\u00e4ttj\u00e4nstens<br \/>identifierare<\/h3>\n<p><strong>(1)<\/strong>\u00a0Ange som s\u00f6kord i s\u00f6kf\u00e4ltet din organisations officiella namn och klicka p\u00e5 f\u00f6rstoringsglaset (s\u00f6k)<\/p>\n<p><strong>(2)<\/strong>\u00a0Avgr\u00e4nsa s\u00f6kresultaten genom att markera det s\u00f6kta inneh\u00e5llet som \u201dE-tj\u00e4nster\u201d<\/p>\n<p><strong>(3)<\/strong>\u00a0V\u00e4lj beskrivningen av e-tj\u00e4nsten du s\u00f6ker efter bland s\u00f6kresultaten<\/p>\n<ul>\n<li>Organisationens namn<\/li>\n<li>E-tj\u00e4nstens namn<\/li>\n<li>Kategori \u201dE-tj\u00e4nst\u201d och region \u201dHela Finland\u201d<\/li>\n<\/ul>\n<\/div>\n\n\n\n<div class=\"wp-block-column is-layout-flow wp-block-column-is-layout-flow\" style=\"flex-basis:66.66%\">\n<figure data-wp-context=\"{&quot;imageId&quot;:&quot;69dbd0fae535e&quot;}\" data-wp-interactive=\"core\/image\" class=\"wp-block-image size-large wp-lightbox-container\"><img loading=\"lazy\" decoding=\"async\" width=\"745\" height=\"1024\" data-wp-class--hide=\"state.isContentHidden\" data-wp-class--show=\"state.isContentVisible\" data-wp-init=\"callbacks.setButtonStyles\" data-wp-on-async--click=\"actions.showLightbox\" data-wp-on-async--load=\"callbacks.setButtonStyles\" data-wp-on-async-window--resize=\"callbacks.setButtonStyles\" src=\"https:\/\/luvatjavalvonta.fi\/content\/uploads\/2026\/01\/image-2-745x1024.png\" alt=\"\" class=\"wp-image-8340\" srcset=\"http:\/\/www.luvatjavalvonta.fi\/content\/uploads\/2026\/01\/image-2-745x1024.png 745w, http:\/\/www.luvatjavalvonta.fi\/content\/uploads\/2026\/01\/image-2-218x300.png 218w, http:\/\/www.luvatjavalvonta.fi\/content\/uploads\/2026\/01\/image-2-768x1056.png 768w, http:\/\/www.luvatjavalvonta.fi\/content\/uploads\/2026\/01\/image-2-145x200.png 145w, http:\/\/www.luvatjavalvonta.fi\/content\/uploads\/2026\/01\/image-2.png 1057w\" sizes=\"auto, (max-width: 745px) 100vw, 745px\" \/><button\n\t\t\tclass=\"lightbox-trigger\"\n\t\t\ttype=\"button\"\n\t\t\taria-haspopup=\"dialog\"\n\t\t\taria-label=\"Enlarge\"\n\t\t\tdata-wp-init=\"callbacks.initTriggerButton\"\n\t\t\tdata-wp-on-async--click=\"actions.showLightbox\"\n\t\t\tdata-wp-style--right=\"state.imageButtonRight\"\n\t\t\tdata-wp-style--top=\"state.imageButtonTop\"\n\t\t>\n\t\t\t<svg xmlns=\"http:\/\/www.w3.org\/2000\/svg\" width=\"12\" height=\"12\" fill=\"none\" viewBox=\"0 0 12 12\">\n\t\t\t\t<path fill=\"#fff\" d=\"M2 0a2 2 0 0 0-2 2v2h1.5V2a.5.5 0 0 1 .5-.5h2V0H2Zm2 10.5H2a.5.5 0 0 1-.5-.5V8H0v2a2 2 0 0 0 2 2h2v-1.5ZM8 12v-1.5h2a.5.5 0 0 0 .5-.5V8H12v2a2 2 0 0 1-2 2H8Zm2-12a2 2 0 0 1 2 2v2h-1.5V2a.5.5 0 0 0-.5-.5H8V0h2Z\" \/>\n\t\t\t<\/svg>\n\t\t<\/button><\/figure>\n<\/div>\n<\/div>\n\n\n\n<div class=\"wp-block-columns is-layout-flex wp-container-core-columns-is-layout-9d6595d7 wp-block-columns-is-layout-flex\">\n<div class=\"wp-block-column is-layout-flow wp-block-column-is-layout-flow\" style=\"flex-basis:33.33%\">\n<p>Du hittar SDL-tj\u00e4nsteidentifieraren i webbl\u00e4sarens URL-f\u00e4lt efter det sista \u201d\/\u201d-tecknet<\/p>\n<ul>\n<li>I exemplet \u00e4r tj\u00e4nsteidentifieraren f\u00f6r arbets- och n\u00e4ringsministeriets SOLVIT-tj\u00e4nst \u201deda2ad5d-3f7d-45a2-9843-9f6556bfba2f\u201d<\/li>\n<\/ul>\n<p>Identifieraren best\u00e5r alltid av 36 tecken<\/p>\n<p>Tips! Kopiera din organisations identifierare fr\u00e5n URL-f\u00e4ltet till anslutningsblanketten<\/p>\n<\/div>\n\n\n\n<div class=\"wp-block-column is-layout-flow wp-block-column-is-layout-flow\" style=\"flex-basis:66.66%\">\n<figure data-wp-context=\"{&quot;imageId&quot;:&quot;69dbd0fae6732&quot;}\" data-wp-interactive=\"core\/image\" class=\"wp-block-image size-large wp-lightbox-container\"><img loading=\"lazy\" decoding=\"async\" width=\"824\" height=\"1024\" data-wp-class--hide=\"state.isContentHidden\" data-wp-class--show=\"state.isContentVisible\" data-wp-init=\"callbacks.setButtonStyles\" data-wp-on-async--click=\"actions.showLightbox\" data-wp-on-async--load=\"callbacks.setButtonStyles\" data-wp-on-async-window--resize=\"callbacks.setButtonStyles\" src=\"https:\/\/luvatjavalvonta.fi\/content\/uploads\/2026\/01\/image-3-824x1024.png\" alt=\"\" class=\"wp-image-8342\" srcset=\"http:\/\/www.luvatjavalvonta.fi\/content\/uploads\/2026\/01\/image-3-824x1024.png 824w, http:\/\/www.luvatjavalvonta.fi\/content\/uploads\/2026\/01\/image-3-241x300.png 241w, http:\/\/www.luvatjavalvonta.fi\/content\/uploads\/2026\/01\/image-3-768x954.png 768w, http:\/\/www.luvatjavalvonta.fi\/content\/uploads\/2026\/01\/image-3-161x200.png 161w, http:\/\/www.luvatjavalvonta.fi\/content\/uploads\/2026\/01\/image-3.png 1114w\" sizes=\"auto, (max-width: 824px) 100vw, 824px\" \/><button\n\t\t\tclass=\"lightbox-trigger\"\n\t\t\ttype=\"button\"\n\t\t\taria-haspopup=\"dialog\"\n\t\t\taria-label=\"Enlarge\"\n\t\t\tdata-wp-init=\"callbacks.initTriggerButton\"\n\t\t\tdata-wp-on-async--click=\"actions.showLightbox\"\n\t\t\tdata-wp-style--right=\"state.imageButtonRight\"\n\t\t\tdata-wp-style--top=\"state.imageButtonTop\"\n\t\t>\n\t\t\t<svg xmlns=\"http:\/\/www.w3.org\/2000\/svg\" width=\"12\" height=\"12\" fill=\"none\" viewBox=\"0 0 12 12\">\n\t\t\t\t<path fill=\"#fff\" d=\"M2 0a2 2 0 0 0-2 2v2h1.5V2a.5.5 0 0 1 .5-.5h2V0H2Zm2 10.5H2a.5.5 0 0 1-.5-.5V8H0v2a2 2 0 0 0 2 2h2v-1.5ZM8 12v-1.5h2a.5.5 0 0 0 .5-.5V8H12v2a2 2 0 0 1-2 2H8Zm2-12a2 2 0 0 1 2 2v2h-1.5V2a.5.5 0 0 0-.5-.5H8V0h2Z\" \/>\n\t\t\t<\/svg>\n\t\t<\/button><\/figure>\n<\/div>\n<\/div>\n\n\n\n<p><\/p>\n","protected":false},"excerpt":{"rendered":"<p>Det b\u00e4sta s\u00e4ttet att ta reda p\u00e5 SDL-identifieringsuppgifterna f\u00f6r organisations- och e-tj\u00e4nster \u00e4r att kontakta SDL-administrat\u00f6ren i din egen organisation. Alternativt kan du v\u00e4nda dig till Suomi.fi-servicedatalagrets (SDL) kundtj\u00e4nst:\u00a0ptv-tuki(at)dvv.fi Dessutom har Myndigheten f\u00f6r digitalisering och befolkningsdata en\u00a0anvisning\u00a0f\u00f6r Suomi.fi-servicedatalagret. F\u00f6r att anv\u00e4nda den h\u00e4r anvisningen beh\u00f6ver du f\u00f6ljande information: Organisationens namn Tj\u00e4nstens (e-tj\u00e4nstens) namn F\u00f6ruts\u00e4ttningar F\u00f6r [&hellip;]<\/p>\n","protected":false},"author":14,"featured_media":0,"parent":8214,"menu_order":15,"comment_status":"closed","ping_status":"closed","template":"","meta":{"_acf_changed":false,"inline_featured_image":false,"footnotes":""},"class_list":["post-4715","page","type-page","status-publish","hentry"],"acf":{"ai_extra_content":"","ai_instructions":"","ai_hidden_page":false},"yoast_head":"<!-- This site is optimized with the Yoast SEO plugin v25.9 - https:\/\/yoast.com\/wordpress\/plugins\/seo\/ -->\n<title>SDL-identifikationsuppgifter - Luvat ja valvonta<\/title>\n<meta name=\"robots\" content=\"index, follow, max-snippet:-1, max-image-preview:large, max-video-preview:-1\" \/>\n<link rel=\"canonical\" href=\"http:\/\/www.luvatjavalvonta.fi\/sv\/inforande\/instruktioner\/sdl-identifikationsuppgifter\/\" \/>\n<meta property=\"og:locale\" content=\"sv_SE\" \/>\n<meta property=\"og:type\" content=\"article\" \/>\n<meta property=\"og:title\" content=\"SDL-identifikationsuppgifter - Luvat ja valvonta\" \/>\n<meta property=\"og:description\" content=\"Det b\u00e4sta s\u00e4ttet att ta reda p\u00e5 SDL-identifieringsuppgifterna f\u00f6r organisations- och e-tj\u00e4nster \u00e4r att kontakta SDL-administrat\u00f6ren i din egen organisation. Alternativt kan du v\u00e4nda dig till Suomi.fi-servicedatalagrets (SDL) kundtj\u00e4nst:\u00a0ptv-tuki(at)dvv.fi Dessutom har Myndigheten f\u00f6r digitalisering och befolkningsdata en\u00a0anvisning\u00a0f\u00f6r Suomi.fi-servicedatalagret. F\u00f6r att anv\u00e4nda den h\u00e4r anvisningen beh\u00f6ver du f\u00f6ljande information: Organisationens namn Tj\u00e4nstens (e-tj\u00e4nstens) namn F\u00f6ruts\u00e4ttningar F\u00f6r [&hellip;]\" \/>\n<meta property=\"og:url\" content=\"http:\/\/www.luvatjavalvonta.fi\/sv\/inforande\/instruktioner\/sdl-identifikationsuppgifter\/\" \/>\n<meta property=\"og:site_name\" content=\"Luvat ja valvonta\" \/>\n<meta property=\"article:modified_time\" content=\"2026-01-05T11:47:34+00:00\" \/>\n<meta property=\"og:image\" content=\"https:\/\/luvatjavalvonta.fi\/content\/uploads\/2022\/07\/telescope-122960-1024x768.jpg\" \/>\n<meta name=\"twitter:card\" content=\"summary_large_image\" \/>\n<meta name=\"twitter:label1\" content=\"Est. reading time\" \/>\n\t<meta name=\"twitter:data1\" content=\"3 minutes\" \/>\n<script type=\"application\/ld+json\" class=\"yoast-schema-graph\">{\"@context\":\"https:\/\/schema.org\",\"@graph\":[{\"@type\":\"WebPage\",\"@id\":\"http:\/\/www.luvatjavalvonta.fi\/sv\/inforande\/instruktioner\/sdl-identifikationsuppgifter\/\",\"url\":\"http:\/\/www.luvatjavalvonta.fi\/sv\/inforande\/instruktioner\/sdl-identifikationsuppgifter\/\",\"name\":\"SDL-identifikationsuppgifter - Luvat ja valvonta\",\"isPartOf\":{\"@id\":\"http:\/\/54.75.134.196\/sv\/#website\"},\"primaryImageOfPage\":{\"@id\":\"http:\/\/www.luvatjavalvonta.fi\/sv\/inforande\/instruktioner\/sdl-identifikationsuppgifter\/#primaryimage\"},\"image\":{\"@id\":\"http:\/\/www.luvatjavalvonta.fi\/sv\/inforande\/instruktioner\/sdl-identifikationsuppgifter\/#primaryimage\"},\"thumbnailUrl\":\"https:\/\/luvatjavalvonta.fi\/content\/uploads\/2022\/07\/telescope-122960-1024x768.jpg\",\"datePublished\":\"2022-09-04T12:44:31+00:00\",\"dateModified\":\"2026-01-05T11:47:34+00:00\",\"breadcrumb\":{\"@id\":\"http:\/\/www.luvatjavalvonta.fi\/sv\/inforande\/instruktioner\/sdl-identifikationsuppgifter\/#breadcrumb\"},\"inLanguage\":\"sv-SE\",\"potentialAction\":[{\"@type\":\"ReadAction\",\"target\":[\"http:\/\/www.luvatjavalvonta.fi\/sv\/inforande\/instruktioner\/sdl-identifikationsuppgifter\/\"]}]},{\"@type\":\"ImageObject\",\"inLanguage\":\"sv-SE\",\"@id\":\"http:\/\/www.luvatjavalvonta.fi\/sv\/inforande\/instruktioner\/sdl-identifikationsuppgifter\/#primaryimage\",\"url\":\"https:\/\/luvatjavalvonta.fi\/content\/uploads\/2022\/07\/telescope-122960-1024x768.jpg\",\"contentUrl\":\"https:\/\/luvatjavalvonta.fi\/content\/uploads\/2022\/07\/telescope-122960-1024x768.jpg\"},{\"@type\":\"BreadcrumbList\",\"@id\":\"http:\/\/www.luvatjavalvonta.fi\/sv\/inforande\/instruktioner\/sdl-identifikationsuppgifter\/#breadcrumb\",\"itemListElement\":[{\"@type\":\"ListItem\",\"position\":1,\"name\":\"Home\",\"item\":\"http:\/\/54.75.134.196\/sv\/\"},{\"@type\":\"ListItem\",\"position\":2,\"name\":\"Inf\u00f6rande och underh\u00e5ll av tj\u00e4nsten\",\"item\":\"http:\/\/54.75.134.196\/sv\/inforande\/\"},{\"@type\":\"ListItem\",\"position\":3,\"name\":\"Instruktioner\",\"item\":\"https:\/\/luvatjavalvonta.fi\/sv\/inforande\/instruktioner\/\"},{\"@type\":\"ListItem\",\"position\":4,\"name\":\"SDL-identifikationsuppgifter\"}]},{\"@type\":\"WebSite\",\"@id\":\"http:\/\/54.75.134.196\/sv\/#website\",\"url\":\"http:\/\/54.75.134.196\/sv\/\",\"name\":\"Luvat ja valvonta\",\"description\":\"\",\"potentialAction\":[{\"@type\":\"SearchAction\",\"target\":{\"@type\":\"EntryPoint\",\"urlTemplate\":\"http:\/\/54.75.134.196\/sv\/?s={search_term_string}\"},\"query-input\":{\"@type\":\"PropertyValueSpecification\",\"valueRequired\":true,\"valueName\":\"search_term_string\"}}],\"inLanguage\":\"sv-SE\"}]}<\/script>\n<!-- \/ Yoast SEO plugin. -->","yoast_head_json":{"title":"SDL-identifikationsuppgifter - Luvat ja valvonta","robots":{"index":"index","follow":"follow","max-snippet":"max-snippet:-1","max-image-preview":"max-image-preview:large","max-video-preview":"max-video-preview:-1"},"canonical":"http:\/\/www.luvatjavalvonta.fi\/sv\/inforande\/instruktioner\/sdl-identifikationsuppgifter\/","og_locale":"sv_SE","og_type":"article","og_title":"SDL-identifikationsuppgifter - Luvat ja valvonta","og_description":"Det b\u00e4sta s\u00e4ttet att ta reda p\u00e5 SDL-identifieringsuppgifterna f\u00f6r organisations- och e-tj\u00e4nster \u00e4r att kontakta SDL-administrat\u00f6ren i din egen organisation. Alternativt kan du v\u00e4nda dig till Suomi.fi-servicedatalagrets (SDL) kundtj\u00e4nst:\u00a0ptv-tuki(at)dvv.fi Dessutom har Myndigheten f\u00f6r digitalisering och befolkningsdata en\u00a0anvisning\u00a0f\u00f6r Suomi.fi-servicedatalagret. F\u00f6r att anv\u00e4nda den h\u00e4r anvisningen beh\u00f6ver du f\u00f6ljande information: Organisationens namn Tj\u00e4nstens (e-tj\u00e4nstens) namn F\u00f6ruts\u00e4ttningar F\u00f6r [&hellip;]","og_url":"http:\/\/www.luvatjavalvonta.fi\/sv\/inforande\/instruktioner\/sdl-identifikationsuppgifter\/","og_site_name":"Luvat ja valvonta","article_modified_time":"2026-01-05T11:47:34+00:00","og_image":[{"url":"https:\/\/luvatjavalvonta.fi\/content\/uploads\/2022\/07\/telescope-122960-1024x768.jpg","type":"","width":"","height":""}],"twitter_card":"summary_large_image","twitter_misc":{"Est. reading time":"3 minutes"},"schema":{"@context":"https:\/\/schema.org","@graph":[{"@type":"WebPage","@id":"http:\/\/www.luvatjavalvonta.fi\/sv\/inforande\/instruktioner\/sdl-identifikationsuppgifter\/","url":"http:\/\/www.luvatjavalvonta.fi\/sv\/inforande\/instruktioner\/sdl-identifikationsuppgifter\/","name":"SDL-identifikationsuppgifter - Luvat ja valvonta","isPartOf":{"@id":"http:\/\/54.75.134.196\/sv\/#website"},"primaryImageOfPage":{"@id":"http:\/\/www.luvatjavalvonta.fi\/sv\/inforande\/instruktioner\/sdl-identifikationsuppgifter\/#primaryimage"},"image":{"@id":"http:\/\/www.luvatjavalvonta.fi\/sv\/inforande\/instruktioner\/sdl-identifikationsuppgifter\/#primaryimage"},"thumbnailUrl":"https:\/\/luvatjavalvonta.fi\/content\/uploads\/2022\/07\/telescope-122960-1024x768.jpg","datePublished":"2022-09-04T12:44:31+00:00","dateModified":"2026-01-05T11:47:34+00:00","breadcrumb":{"@id":"http:\/\/www.luvatjavalvonta.fi\/sv\/inforande\/instruktioner\/sdl-identifikationsuppgifter\/#breadcrumb"},"inLanguage":"sv-SE","potentialAction":[{"@type":"ReadAction","target":["http:\/\/www.luvatjavalvonta.fi\/sv\/inforande\/instruktioner\/sdl-identifikationsuppgifter\/"]}]},{"@type":"ImageObject","inLanguage":"sv-SE","@id":"http:\/\/www.luvatjavalvonta.fi\/sv\/inforande\/instruktioner\/sdl-identifikationsuppgifter\/#primaryimage","url":"https:\/\/luvatjavalvonta.fi\/content\/uploads\/2022\/07\/telescope-122960-1024x768.jpg","contentUrl":"https:\/\/luvatjavalvonta.fi\/content\/uploads\/2022\/07\/telescope-122960-1024x768.jpg"},{"@type":"BreadcrumbList","@id":"http:\/\/www.luvatjavalvonta.fi\/sv\/inforande\/instruktioner\/sdl-identifikationsuppgifter\/#breadcrumb","itemListElement":[{"@type":"ListItem","position":1,"name":"Home","item":"http:\/\/54.75.134.196\/sv\/"},{"@type":"ListItem","position":2,"name":"Inf\u00f6rande och underh\u00e5ll av tj\u00e4nsten","item":"http:\/\/54.75.134.196\/sv\/inforande\/"},{"@type":"ListItem","position":3,"name":"Instruktioner","item":"https:\/\/luvatjavalvonta.fi\/sv\/inforande\/instruktioner\/"},{"@type":"ListItem","position":4,"name":"SDL-identifikationsuppgifter"}]},{"@type":"WebSite","@id":"http:\/\/54.75.134.196\/sv\/#website","url":"http:\/\/54.75.134.196\/sv\/","name":"Luvat ja valvonta","description":"","potentialAction":[{"@type":"SearchAction","target":{"@type":"EntryPoint","urlTemplate":"http:\/\/54.75.134.196\/sv\/?s={search_term_string}"},"query-input":{"@type":"PropertyValueSpecification","valueRequired":true,"valueName":"search_term_string"}}],"inLanguage":"sv-SE"}]}},"_links":{"self":[{"href":"http:\/\/www.luvatjavalvonta.fi\/sv\/wp-json\/wp\/v2\/pages\/4715","targetHints":{"allow":["GET"]}}],"collection":[{"href":"http:\/\/www.luvatjavalvonta.fi\/sv\/wp-json\/wp\/v2\/pages"}],"about":[{"href":"http:\/\/www.luvatjavalvonta.fi\/sv\/wp-json\/wp\/v2\/types\/page"}],"author":[{"embeddable":true,"href":"http:\/\/www.luvatjavalvonta.fi\/sv\/wp-json\/wp\/v2\/users\/14"}],"replies":[{"embeddable":true,"href":"http:\/\/www.luvatjavalvonta.fi\/sv\/wp-json\/wp\/v2\/comments?post=4715"}],"version-history":[{"count":3,"href":"http:\/\/www.luvatjavalvonta.fi\/sv\/wp-json\/wp\/v2\/pages\/4715\/revisions"}],"predecessor-version":[{"id":8344,"href":"http:\/\/www.luvatjavalvonta.fi\/sv\/wp-json\/wp\/v2\/pages\/4715\/revisions\/8344"}],"up":[{"embeddable":true,"href":"http:\/\/www.luvatjavalvonta.fi\/sv\/wp-json\/wp\/v2\/pages\/8214"}],"wp:attachment":[{"href":"http:\/\/www.luvatjavalvonta.fi\/sv\/wp-json\/wp\/v2\/media?parent=4715"}],"curies":[{"name":"wp","href":"https:\/\/api.w.org\/{rel}","templated":true}]}}