{"id":4863,"date":"2022-09-14T09:34:26","date_gmt":"2022-09-14T06:34:26","guid":{"rendered":"https:\/\/luvatjavalvonta.fi\/tillganglighetsutlatande\/"},"modified":"2023-03-27T09:49:48","modified_gmt":"2023-03-27T06:49:48","slug":"tillganglighetsutlatande","status":"publish","type":"page","link":"http:\/\/www.luvatjavalvonta.fi\/sv\/mediebank\/tillganglighetsutlatande\/","title":{"rendered":"Tillg\u00e4nglighetsutl\u00e5tande"},"content":{"rendered":"\n<hr class=\"wp-block-separator has-alpha-channel-opacity\"\/>\n\n<p>\n<p>Detta tillg\u00e4nglighetsutl\u00e5tande g\u00e4ller supportwebbplatsen <a href=\"https:\/\/luvatjavalvonta.fi\/sv\/\">https:\/\/luvatjavalvonta.fi<\/a> (denna webbplats) och har uppr\u00e4ttats\/uppdaterats 14.09.2022. Tj\u00e4nsten omfattas av lagen om tillhandah\u00e5llande av digitala tj\u00e4nster, enligt vilken offentliga webbplatser ska vara tillg\u00e4ngliga. Vi har sj\u00e4lva bed\u00f6mt tj\u00e4nstens tillg\u00e4nglighet.<\/p>\n<p><\/p> \n<h2 class=\"wp-block-heading\">Den digitala tj\u00e4nstens tillg\u00e4nglighet<\/h2>\n<p><\/p> \n<p>Webbplatsen uppfyller delvis tillg\u00e4nglighetskraven.<\/p>\n<h2>Verkkosivusto ei ole viel\u00e4 kaikilta osin vaatimusten mukainen<\/h2>\n<p><\/p> \n<ul class=\"wp-block-list\">\n<li>Videorna om tj\u00e4nsten p\u00e5 sidan Om tj\u00e4nsten \u00e4r inte textade.<\/li>\n<li>Textinneh\u00e5llets begriplighet<\/li>\n<li>Spr\u00e5ket p\u00e5 webbplatsen \u00e4r delvis komplicerat, och terminologin \u00e4r inte etablerad i alla avseenden. Webbplatsen riktar sig till myndigheter, och st\u00f6rsta delen av inneh\u00e5llet \u00e4r endast tillg\u00e4ngligt f\u00f6r inloggade anv\u00e4ndare. Vi samlar in respons p\u00e5 webbplatsens begriplighet och utvecklar inneh\u00e5ll baserat p\u00e5 den.<\/li>\n<\/ul>\n<h2>Huomasitko saavutettavuuspuutteen digipalvelussamme?<\/h2>\n<p><\/p> \n<p>Uppm\u00e4rksamma oss s\u00e5 ska vi g\u00f6ra v\u00e5rt b\u00e4sta f\u00f6r att \u00e5tg\u00e4rda bristerna. Du kan anm\u00e4la brister p\u00e5 <a href=\"https:\/\/luvatjavalvonta.fi\/ota-yhteytta\/palaute\/\">denna blankett<\/a>.<\/p>\n<h2>Valvontaviranomainen<\/h2>\n<p><\/p> \n<p>Om du m\u00e4rker brister i tillg\u00e4ngligheten p\u00e5 webbplatsen, ber vi dig f\u00f6rst kontakta oss, dvs. webbplatsadministrat\u00f6ren. Det kan ta upp till 14\u00a0dagar innan du f\u00e5r ett svar. Om du inte \u00e4r n\u00f6jd med svaret eller inte f\u00e5r n\u00e5got svar alls inom tv\u00e5 veckor,\u00a0<a href=\"https:\/\/www.saavutettavuusvaatimukset.fi\/oikeutesi\/\" target=\"_blank\" rel=\"noreferrer noopener\">kan du g\u00f6ra en anm\u00e4lan till Regionf\u00f6rvaltningsverket i S\u00f6dra Finland<\/a>. P\u00e5 regionf\u00f6rvaltningsverkets webbplats finns noggranna anvisningar om hur du kan g\u00f6ra anm\u00e4lan och hur \u00e4rendet behandlas.<\/p>\n<p><\/p> <\/p>\n<h2>Valvontaviranomaisen yhteystiedot<\/h2>\n<p> \n<p>Regionf\u00f6rvaltningsverket i S\u00f6dra Finland<br\/>Enheten f\u00f6r tillg\u00e4nglighetstillsyn<br\/>www.tillganglighetskrav.fi<br\/>webbtillganglighet(at)rfv.fi<br\/>telefonnummer v\u00e4xel 0295 016 000<\/p>\n<p><\/p> \n<p>Vi arbetar hela tiden f\u00f6r att f\u00f6rb\u00e4ttra tillg\u00e4ngligheten!<\/p>\n<p><\/p> <\/p>\n<h2>T\u00e4m\u00e4 verkkosivusto\/sovellus on julkaistu<\/h2>\n<p> \n<p>15.9.2022<\/p>\n<p><\/p><\/p>\n","protected":false},"excerpt":{"rendered":"","protected":false},"author":14,"featured_media":0,"parent":4953,"menu_order":175,"comment_status":"closed","ping_status":"closed","template":"","meta":{"_acf_changed":false,"inline_featured_image":false,"footnotes":""},"class_list":["post-4863","page","type-page","status-publish","hentry"],"acf":{"ai_extra_content":"","ai_instructions":"","ai_hidden_page":false},"yoast_head":"<!-- This site is optimized with the Yoast SEO plugin v25.9 - https:\/\/yoast.com\/wordpress\/plugins\/seo\/ -->\n<title>Tillg\u00e4nglighetsutl\u00e5tande - Luvat ja valvonta<\/title>\n<meta name=\"robots\" content=\"index, follow, max-snippet:-1, max-image-preview:large, max-video-preview:-1\" \/>\n<link rel=\"canonical\" href=\"https:\/\/www.luvatjavalvonta.fi\/sv\/mediebank\/tillganglighetsutlatande\/\" \/>\n<meta property=\"og:locale\" content=\"sv_SE\" \/>\n<meta property=\"og:type\" content=\"article\" \/>\n<meta property=\"og:title\" content=\"Tillg\u00e4nglighetsutl\u00e5tande - Luvat ja valvonta\" \/>\n<meta property=\"og:url\" content=\"https:\/\/www.luvatjavalvonta.fi\/sv\/mediebank\/tillganglighetsutlatande\/\" \/>\n<meta property=\"og:site_name\" content=\"Luvat ja valvonta\" \/>\n<meta property=\"article:modified_time\" content=\"2023-03-27T06:49:48+00:00\" \/>\n<meta name=\"twitter:card\" content=\"summary_large_image\" \/>\n<meta name=\"twitter:label1\" content=\"Est. reading time\" \/>\n\t<meta name=\"twitter:data1\" content=\"1 minute\" \/>\n<script type=\"application\/ld+json\" class=\"yoast-schema-graph\">{\"@context\":\"https:\/\/schema.org\",\"@graph\":[{\"@type\":\"WebPage\",\"@id\":\"https:\/\/www.luvatjavalvonta.fi\/sv\/mediebank\/tillganglighetsutlatande\/\",\"url\":\"https:\/\/www.luvatjavalvonta.fi\/sv\/mediebank\/tillganglighetsutlatande\/\",\"name\":\"Tillg\u00e4nglighetsutl\u00e5tande - Luvat ja valvonta\",\"isPartOf\":{\"@id\":\"https:\/\/luvatjavalvonta.fi\/#website\"},\"datePublished\":\"2022-09-14T06:34:26+00:00\",\"dateModified\":\"2023-03-27T06:49:48+00:00\",\"breadcrumb\":{\"@id\":\"https:\/\/www.luvatjavalvonta.fi\/sv\/mediebank\/tillganglighetsutlatande\/#breadcrumb\"},\"inLanguage\":\"sv-SE\",\"potentialAction\":[{\"@type\":\"ReadAction\",\"target\":[\"https:\/\/www.luvatjavalvonta.fi\/sv\/mediebank\/tillganglighetsutlatande\/\"]}]},{\"@type\":\"BreadcrumbList\",\"@id\":\"https:\/\/www.luvatjavalvonta.fi\/sv\/mediebank\/tillganglighetsutlatande\/#breadcrumb\",\"itemListElement\":[{\"@type\":\"ListItem\",\"position\":1,\"name\":\"Home\",\"item\":\"https:\/\/luvatjavalvonta.fi\/sv\/\"},{\"@type\":\"ListItem\",\"position\":2,\"name\":\"Mediebank\",\"item\":\"https:\/\/www.luvatjavalvonta.fi\/sv\/mediebank\/\"},{\"@type\":\"ListItem\",\"position\":3,\"name\":\"Tillg\u00e4nglighetsutl\u00e5tande\"}]},{\"@type\":\"WebSite\",\"@id\":\"https:\/\/luvatjavalvonta.fi\/#website\",\"url\":\"https:\/\/luvatjavalvonta.fi\/\",\"name\":\"Luvat ja valvonta\",\"description\":\"\",\"potentialAction\":[{\"@type\":\"SearchAction\",\"target\":{\"@type\":\"EntryPoint\",\"urlTemplate\":\"https:\/\/luvatjavalvonta.fi\/?s={search_term_string}\"},\"query-input\":{\"@type\":\"PropertyValueSpecification\",\"valueRequired\":true,\"valueName\":\"search_term_string\"}}],\"inLanguage\":\"sv-SE\"}]}<\/script>\n<!-- \/ Yoast SEO plugin. -->","yoast_head_json":{"title":"Tillg\u00e4nglighetsutl\u00e5tande - Luvat ja valvonta","robots":{"index":"index","follow":"follow","max-snippet":"max-snippet:-1","max-image-preview":"max-image-preview:large","max-video-preview":"max-video-preview:-1"},"canonical":"https:\/\/www.luvatjavalvonta.fi\/sv\/mediebank\/tillganglighetsutlatande\/","og_locale":"sv_SE","og_type":"article","og_title":"Tillg\u00e4nglighetsutl\u00e5tande - Luvat ja valvonta","og_url":"https:\/\/www.luvatjavalvonta.fi\/sv\/mediebank\/tillganglighetsutlatande\/","og_site_name":"Luvat ja valvonta","article_modified_time":"2023-03-27T06:49:48+00:00","twitter_card":"summary_large_image","twitter_misc":{"Est. reading time":"1 minute"},"schema":{"@context":"https:\/\/schema.org","@graph":[{"@type":"WebPage","@id":"https:\/\/www.luvatjavalvonta.fi\/sv\/mediebank\/tillganglighetsutlatande\/","url":"https:\/\/www.luvatjavalvonta.fi\/sv\/mediebank\/tillganglighetsutlatande\/","name":"Tillg\u00e4nglighetsutl\u00e5tande - Luvat ja valvonta","isPartOf":{"@id":"https:\/\/luvatjavalvonta.fi\/#website"},"datePublished":"2022-09-14T06:34:26+00:00","dateModified":"2023-03-27T06:49:48+00:00","breadcrumb":{"@id":"https:\/\/www.luvatjavalvonta.fi\/sv\/mediebank\/tillganglighetsutlatande\/#breadcrumb"},"inLanguage":"sv-SE","potentialAction":[{"@type":"ReadAction","target":["https:\/\/www.luvatjavalvonta.fi\/sv\/mediebank\/tillganglighetsutlatande\/"]}]},{"@type":"BreadcrumbList","@id":"https:\/\/www.luvatjavalvonta.fi\/sv\/mediebank\/tillganglighetsutlatande\/#breadcrumb","itemListElement":[{"@type":"ListItem","position":1,"name":"Home","item":"https:\/\/luvatjavalvonta.fi\/sv\/"},{"@type":"ListItem","position":2,"name":"Mediebank","item":"https:\/\/www.luvatjavalvonta.fi\/sv\/mediebank\/"},{"@type":"ListItem","position":3,"name":"Tillg\u00e4nglighetsutl\u00e5tande"}]},{"@type":"WebSite","@id":"https:\/\/luvatjavalvonta.fi\/#website","url":"https:\/\/luvatjavalvonta.fi\/","name":"Luvat ja valvonta","description":"","potentialAction":[{"@type":"SearchAction","target":{"@type":"EntryPoint","urlTemplate":"https:\/\/luvatjavalvonta.fi\/?s={search_term_string}"},"query-input":{"@type":"PropertyValueSpecification","valueRequired":true,"valueName":"search_term_string"}}],"inLanguage":"sv-SE"}]}},"_links":{"self":[{"href":"http:\/\/www.luvatjavalvonta.fi\/sv\/wp-json\/wp\/v2\/pages\/4863","targetHints":{"allow":["GET"]}}],"collection":[{"href":"http:\/\/www.luvatjavalvonta.fi\/sv\/wp-json\/wp\/v2\/pages"}],"about":[{"href":"http:\/\/www.luvatjavalvonta.fi\/sv\/wp-json\/wp\/v2\/types\/page"}],"author":[{"embeddable":true,"href":"http:\/\/www.luvatjavalvonta.fi\/sv\/wp-json\/wp\/v2\/users\/14"}],"replies":[{"embeddable":true,"href":"http:\/\/www.luvatjavalvonta.fi\/sv\/wp-json\/wp\/v2\/comments?post=4863"}],"version-history":[{"count":1,"href":"http:\/\/www.luvatjavalvonta.fi\/sv\/wp-json\/wp\/v2\/pages\/4863\/revisions"}],"predecessor-version":[{"id":4864,"href":"http:\/\/www.luvatjavalvonta.fi\/sv\/wp-json\/wp\/v2\/pages\/4863\/revisions\/4864"}],"up":[{"embeddable":true,"href":"http:\/\/www.luvatjavalvonta.fi\/sv\/wp-json\/wp\/v2\/pages\/4953"}],"wp:attachment":[{"href":"http:\/\/www.luvatjavalvonta.fi\/sv\/wp-json\/wp\/v2\/media?parent=4863"}],"curies":[{"name":"wp","href":"https:\/\/api.w.org\/{rel}","templated":true}]}}