{"id":6195,"date":"2023-11-09T14:00:49","date_gmt":"2023-11-09T12:00:49","guid":{"rendered":"https:\/\/luvatjavalvonta.fi\/?page_id=6195"},"modified":"2023-11-13T10:00:14","modified_gmt":"2023-11-13T08:00:14","slug":"utbudet-for-kunder","status":"publish","type":"page","link":"http:\/\/www.luvatjavalvonta.fi\/sv\/information-om-tjansten\/utbudet-for-kunder\/","title":{"rendered":"Utbudet f\u00f6r kunder"},"content":{"rendered":"\n<hr class=\"wp-block-separator has-alpha-channel-opacity\"\/>\n\n\n\n<p>I tj\u00e4nsten Tillst\u00e5nd och tillsyn tillhandah\u00e5lls tj\u00e4nster till kunderna i form av servicehelheter, d\u00e4r man samlat tillst\u00e5nd fr\u00e5n olika myndigheter och andra administrativa f\u00f6rfaranden som beh\u00f6vs f\u00f6r kundens verksamhet. I servicehelheten erbjuds \u00e4rendehantering av myndigheter som ansvarar f\u00f6r<\/p>\n<ul>\n<li>sin egen substans tillst\u00e5nds- och tillsynsverksamhet<strong> lokalt <\/strong>eller <strong>regionalt<\/strong>. Dessa \u00e4r beh\u00f6riga myndigheter i kommunerna, v\u00e4lf\u00e4rdsomr\u00e5denas r\u00e4ddningsv\u00e4senden och h\u00e4lso- och sjukv\u00e5rd samt polisinr\u00e4ttningar.<\/li>\n<li><strong>nationellt<\/strong> om tillst\u00e5nds- och tillsynsverksamhet enligt den egna substansen. Dessa \u00e4r exempelvis de beh\u00f6riga myndigheterna regionf\u00f6rvaltningsverket, S\u00e4kerhets- och kemikalieverket, NTM-centralen, Livsmedelsverket och Energimyndigheten.<\/li>\n<\/ul>\n<p>Tj\u00e4nsten Tillst\u00e5nd och tillsyn har planerats s\u00e5 att den st\u00f6der olika f\u00f6rvaltningsniv\u00e5er. I tj\u00e4nsten \u00e4r grundenheten f\u00f6r omr\u00e5de kommun. P\u00e5 s\u00e5 s\u00e4tt s\u00e4kerst\u00e4ller man att kunden erbjuds lagstadgade tj\u00e4nster av beh\u00f6riga myndigheter med h\u00e4nsyn till olika f\u00f6rvaltningsniv\u00e5er och verksamhetsomr\u00e5den.<\/p>\n<p>N\u00e4r det g\u00e4ller statens \u00e4mbetsverk och institutioner \u00e4r tillst\u00e5nden och andra administrativa f\u00f6rfaranden nationella och efter anslutningen till tj\u00e4nsten tillhandah\u00e5lls de till kunderna nationellt med undantag av det sj\u00e4lvstyrande omr\u00e5det \u00c5land. N\u00e4r de regionala eller lokala myndigheterna ansluter sina \u00e4renden till tj\u00e4nsten Tillst\u00e5nd och tillsyn erbjuds de endast till kunden inom myndighetens beh\u00f6righetsomr\u00e5de.<\/p>\n<p>F\u00f6r kunden \u00e4r det viktigt att tillst\u00e5ndsmyndigheterna f\u00f6r servicehelheterna ansluter \u00e4renden som g\u00e4ller tillst\u00e5nd och f\u00f6rfaranden som ing\u00e5r i servicehelheterna till tj\u00e4nsten Tillst\u00e5nd och tillsyn. De myndighets\u00e4renden som ska anslutas finns per servicehelhet p\u00e5 sidan <a href=\"https:\/\/luvatjavalvonta.fi\/sv\/?page_id=6190\">\u201dMyndigheterna som en del av servicehelheten\u201d.<\/a><\/p>\n","protected":false},"excerpt":{"rendered":"<p>I tj\u00e4nsten Tillst\u00e5nd och tillsyn tillhandah\u00e5lls tj\u00e4nster till kunderna i form av servicehelheter, d\u00e4r man samlat tillst\u00e5nd fr\u00e5n olika myndigheter och andra administrativa f\u00f6rfaranden som beh\u00f6vs f\u00f6r kundens verksamhet. I servicehelheten erbjuds \u00e4rendehantering av myndigheter som ansvarar f\u00f6r sin egen substans tillst\u00e5nds- och tillsynsverksamhet lokalt eller regionalt. Dessa \u00e4r beh\u00f6riga myndigheter i kommunerna, v\u00e4lf\u00e4rdsomr\u00e5denas r\u00e4ddningsv\u00e4senden [&hellip;]<\/p>\n","protected":false},"author":14,"featured_media":0,"parent":4889,"menu_order":219,"comment_status":"closed","ping_status":"closed","template":"","meta":{"_acf_changed":false,"inline_featured_image":false,"footnotes":""},"class_list":["post-6195","page","type-page","status-publish","hentry"],"acf":{"ai_extra_content":"","ai_instructions":"","ai_hidden_page":false},"yoast_head":"<!-- This site is optimized with the Yoast SEO plugin v25.9 - https:\/\/yoast.com\/wordpress\/plugins\/seo\/ -->\n<title>Utbudet f\u00f6r kunder - Luvat ja valvonta<\/title>\n<meta name=\"robots\" content=\"index, follow, max-snippet:-1, max-image-preview:large, max-video-preview:-1\" \/>\n<link rel=\"canonical\" href=\"http:\/\/www.luvatjavalvonta.fi\/sv\/information-om-tjansten\/utbudet-for-kunder\/\" \/>\n<meta property=\"og:locale\" content=\"sv_SE\" \/>\n<meta property=\"og:type\" content=\"article\" \/>\n<meta property=\"og:title\" content=\"Utbudet f\u00f6r kunder - Luvat ja valvonta\" \/>\n<meta property=\"og:description\" content=\"I tj\u00e4nsten Tillst\u00e5nd och tillsyn tillhandah\u00e5lls tj\u00e4nster till kunderna i form av servicehelheter, d\u00e4r man samlat tillst\u00e5nd fr\u00e5n olika myndigheter och andra administrativa f\u00f6rfaranden som beh\u00f6vs f\u00f6r kundens verksamhet. I servicehelheten erbjuds \u00e4rendehantering av myndigheter som ansvarar f\u00f6r sin egen substans tillst\u00e5nds- och tillsynsverksamhet lokalt eller regionalt. Dessa \u00e4r beh\u00f6riga myndigheter i kommunerna, v\u00e4lf\u00e4rdsomr\u00e5denas r\u00e4ddningsv\u00e4senden [&hellip;]\" \/>\n<meta property=\"og:url\" content=\"http:\/\/www.luvatjavalvonta.fi\/sv\/information-om-tjansten\/utbudet-for-kunder\/\" \/>\n<meta property=\"og:site_name\" content=\"Luvat ja valvonta\" \/>\n<meta property=\"article:modified_time\" content=\"2023-11-13T08:00:14+00:00\" \/>\n<meta name=\"twitter:card\" content=\"summary_large_image\" \/>\n<meta name=\"twitter:label1\" content=\"Est. reading time\" \/>\n\t<meta name=\"twitter:data1\" content=\"2 minutes\" \/>\n<script type=\"application\/ld+json\" class=\"yoast-schema-graph\">{\"@context\":\"https:\/\/schema.org\",\"@graph\":[{\"@type\":\"WebPage\",\"@id\":\"http:\/\/www.luvatjavalvonta.fi\/sv\/information-om-tjansten\/utbudet-for-kunder\/\",\"url\":\"http:\/\/www.luvatjavalvonta.fi\/sv\/information-om-tjansten\/utbudet-for-kunder\/\",\"name\":\"Utbudet f\u00f6r kunder - Luvat ja valvonta\",\"isPartOf\":{\"@id\":\"https:\/\/luvatjavalvonta.fi\/#website\"},\"datePublished\":\"2023-11-09T12:00:49+00:00\",\"dateModified\":\"2023-11-13T08:00:14+00:00\",\"breadcrumb\":{\"@id\":\"http:\/\/www.luvatjavalvonta.fi\/sv\/information-om-tjansten\/utbudet-for-kunder\/#breadcrumb\"},\"inLanguage\":\"sv-SE\",\"potentialAction\":[{\"@type\":\"ReadAction\",\"target\":[\"http:\/\/www.luvatjavalvonta.fi\/sv\/information-om-tjansten\/utbudet-for-kunder\/\"]}]},{\"@type\":\"BreadcrumbList\",\"@id\":\"http:\/\/www.luvatjavalvonta.fi\/sv\/information-om-tjansten\/utbudet-for-kunder\/#breadcrumb\",\"itemListElement\":[{\"@type\":\"ListItem\",\"position\":1,\"name\":\"Home\",\"item\":\"https:\/\/luvatjavalvonta.fi\/sv\/\"},{\"@type\":\"ListItem\",\"position\":2,\"name\":\"Information om tj\u00e4nsten\",\"item\":\"http:\/\/www.luvatjavalvonta.fi\/sv\/information-om-tjansten\/\"},{\"@type\":\"ListItem\",\"position\":3,\"name\":\"Utbudet f\u00f6r kunder\"}]},{\"@type\":\"WebSite\",\"@id\":\"https:\/\/luvatjavalvonta.fi\/#website\",\"url\":\"https:\/\/luvatjavalvonta.fi\/\",\"name\":\"Luvat ja valvonta\",\"description\":\"\",\"potentialAction\":[{\"@type\":\"SearchAction\",\"target\":{\"@type\":\"EntryPoint\",\"urlTemplate\":\"https:\/\/luvatjavalvonta.fi\/?s={search_term_string}\"},\"query-input\":{\"@type\":\"PropertyValueSpecification\",\"valueRequired\":true,\"valueName\":\"search_term_string\"}}],\"inLanguage\":\"sv-SE\"}]}<\/script>\n<!-- \/ Yoast SEO plugin. -->","yoast_head_json":{"title":"Utbudet f\u00f6r kunder - Luvat ja valvonta","robots":{"index":"index","follow":"follow","max-snippet":"max-snippet:-1","max-image-preview":"max-image-preview:large","max-video-preview":"max-video-preview:-1"},"canonical":"http:\/\/www.luvatjavalvonta.fi\/sv\/information-om-tjansten\/utbudet-for-kunder\/","og_locale":"sv_SE","og_type":"article","og_title":"Utbudet f\u00f6r kunder - Luvat ja valvonta","og_description":"I tj\u00e4nsten Tillst\u00e5nd och tillsyn tillhandah\u00e5lls tj\u00e4nster till kunderna i form av servicehelheter, d\u00e4r man samlat tillst\u00e5nd fr\u00e5n olika myndigheter och andra administrativa f\u00f6rfaranden som beh\u00f6vs f\u00f6r kundens verksamhet. I servicehelheten erbjuds \u00e4rendehantering av myndigheter som ansvarar f\u00f6r sin egen substans tillst\u00e5nds- och tillsynsverksamhet lokalt eller regionalt. Dessa \u00e4r beh\u00f6riga myndigheter i kommunerna, v\u00e4lf\u00e4rdsomr\u00e5denas r\u00e4ddningsv\u00e4senden [&hellip;]","og_url":"http:\/\/www.luvatjavalvonta.fi\/sv\/information-om-tjansten\/utbudet-for-kunder\/","og_site_name":"Luvat ja valvonta","article_modified_time":"2023-11-13T08:00:14+00:00","twitter_card":"summary_large_image","twitter_misc":{"Est. reading time":"2 minutes"},"schema":{"@context":"https:\/\/schema.org","@graph":[{"@type":"WebPage","@id":"http:\/\/www.luvatjavalvonta.fi\/sv\/information-om-tjansten\/utbudet-for-kunder\/","url":"http:\/\/www.luvatjavalvonta.fi\/sv\/information-om-tjansten\/utbudet-for-kunder\/","name":"Utbudet f\u00f6r kunder - Luvat ja valvonta","isPartOf":{"@id":"https:\/\/luvatjavalvonta.fi\/#website"},"datePublished":"2023-11-09T12:00:49+00:00","dateModified":"2023-11-13T08:00:14+00:00","breadcrumb":{"@id":"http:\/\/www.luvatjavalvonta.fi\/sv\/information-om-tjansten\/utbudet-for-kunder\/#breadcrumb"},"inLanguage":"sv-SE","potentialAction":[{"@type":"ReadAction","target":["http:\/\/www.luvatjavalvonta.fi\/sv\/information-om-tjansten\/utbudet-for-kunder\/"]}]},{"@type":"BreadcrumbList","@id":"http:\/\/www.luvatjavalvonta.fi\/sv\/information-om-tjansten\/utbudet-for-kunder\/#breadcrumb","itemListElement":[{"@type":"ListItem","position":1,"name":"Home","item":"https:\/\/luvatjavalvonta.fi\/sv\/"},{"@type":"ListItem","position":2,"name":"Information om tj\u00e4nsten","item":"http:\/\/www.luvatjavalvonta.fi\/sv\/information-om-tjansten\/"},{"@type":"ListItem","position":3,"name":"Utbudet f\u00f6r kunder"}]},{"@type":"WebSite","@id":"https:\/\/luvatjavalvonta.fi\/#website","url":"https:\/\/luvatjavalvonta.fi\/","name":"Luvat ja valvonta","description":"","potentialAction":[{"@type":"SearchAction","target":{"@type":"EntryPoint","urlTemplate":"https:\/\/luvatjavalvonta.fi\/?s={search_term_string}"},"query-input":{"@type":"PropertyValueSpecification","valueRequired":true,"valueName":"search_term_string"}}],"inLanguage":"sv-SE"}]}},"_links":{"self":[{"href":"http:\/\/www.luvatjavalvonta.fi\/sv\/wp-json\/wp\/v2\/pages\/6195","targetHints":{"allow":["GET"]}}],"collection":[{"href":"http:\/\/www.luvatjavalvonta.fi\/sv\/wp-json\/wp\/v2\/pages"}],"about":[{"href":"http:\/\/www.luvatjavalvonta.fi\/sv\/wp-json\/wp\/v2\/types\/page"}],"author":[{"embeddable":true,"href":"http:\/\/www.luvatjavalvonta.fi\/sv\/wp-json\/wp\/v2\/users\/14"}],"replies":[{"embeddable":true,"href":"http:\/\/www.luvatjavalvonta.fi\/sv\/wp-json\/wp\/v2\/comments?post=6195"}],"version-history":[{"count":3,"href":"http:\/\/www.luvatjavalvonta.fi\/sv\/wp-json\/wp\/v2\/pages\/6195\/revisions"}],"predecessor-version":[{"id":6582,"href":"http:\/\/www.luvatjavalvonta.fi\/sv\/wp-json\/wp\/v2\/pages\/6195\/revisions\/6582"}],"up":[{"embeddable":true,"href":"http:\/\/www.luvatjavalvonta.fi\/sv\/wp-json\/wp\/v2\/pages\/4889"}],"wp:attachment":[{"href":"http:\/\/www.luvatjavalvonta.fi\/sv\/wp-json\/wp\/v2\/media?parent=6195"}],"curies":[{"name":"wp","href":"https:\/\/api.w.org\/{rel}","templated":true}]}}