{"id":4959,"date":"2020-06-16T15:27:49","date_gmt":"2020-06-16T12:27:49","guid":{"rendered":"https:\/\/luvatjavalvonta.fi\/forstasidan\/"},"modified":"2025-10-10T11:03:04","modified_gmt":"2025-10-10T08:03:04","slug":"startsida","status":"publish","type":"page","link":"https:\/\/www.luvatjavalvonta.fi\/sv\/","title":{"rendered":"Startsida"},"content":{"rendered":"","protected":false},"excerpt":{"rendered":"","protected":false},"author":1,"featured_media":0,"parent":0,"menu_order":264,"comment_status":"closed","ping_status":"closed","template":"front-page.php","meta":{"_acf_changed":false,"inline_featured_image":false,"footnotes":""},"class_list":["post-4959","page","type-page","status-publish","hentry"],"acf":{"ai_extra_content":"","ai_instructions":"","ai_hidden_page":false},"yoast_head":"<!-- This site is optimized with the Yoast SEO plugin v25.9 - https:\/\/yoast.com\/wordpress\/plugins\/seo\/ -->\n<title>Startsida - Luvat ja valvonta<\/title>\n<meta name=\"description\" content=\"P\u00e5 supportwebbplatsen f\u00f6r Tillst\u00e5nds- och tillsynstj\u00e4nsten finns information om inf\u00f6randet av serviceskiktet och de relaterade f\u00f6r\u00e4ndringarna i rutinerna. V\u00e4lkommen!\" \/>\n<meta name=\"robots\" content=\"index, follow, max-snippet:-1, max-image-preview:large, max-video-preview:-1\" \/>\n<link rel=\"canonical\" href=\"https:\/\/luvatjavalvonta.fi\/sv\/\" \/>\n<meta property=\"og:locale\" content=\"sv_SE\" \/>\n<meta property=\"og:type\" content=\"article\" \/>\n<meta property=\"og:title\" content=\"Startsida - Luvat ja valvonta\" \/>\n<meta property=\"og:description\" content=\"P\u00e5 supportwebbplatsen f\u00f6r Tillst\u00e5nds- och tillsynstj\u00e4nsten finns information om inf\u00f6randet av serviceskiktet och de relaterade f\u00f6r\u00e4ndringarna i rutinerna. V\u00e4lkommen!\" \/>\n<meta property=\"og:url\" content=\"https:\/\/luvatjavalvonta.fi\/sv\/\" \/>\n<meta property=\"og:site_name\" content=\"Luvat ja valvonta\" \/>\n<meta property=\"article:modified_time\" content=\"2025-10-10T08:03:04+00:00\" \/>\n<meta name=\"twitter:card\" content=\"summary_large_image\" \/>\n<script type=\"application\/ld+json\" class=\"yoast-schema-graph\">{\"@context\":\"https:\/\/schema.org\",\"@graph\":[{\"@type\":\"WebPage\",\"@id\":\"https:\/\/luvatjavalvonta.fi\/sv\/\",\"url\":\"https:\/\/luvatjavalvonta.fi\/sv\/\",\"name\":\"Startsida - Luvat ja valvonta\",\"isPartOf\":{\"@id\":\"https:\/\/luvatjavalvonta.fi\/#website\"},\"datePublished\":\"2020-06-16T12:27:49+00:00\",\"dateModified\":\"2025-10-10T08:03:04+00:00\",\"description\":\"P\u00e5 supportwebbplatsen f\u00f6r Tillst\u00e5nds- och tillsynstj\u00e4nsten finns information om inf\u00f6randet av serviceskiktet och de relaterade f\u00f6r\u00e4ndringarna i rutinerna. V\u00e4lkommen!\",\"breadcrumb\":{\"@id\":\"https:\/\/luvatjavalvonta.fi\/sv\/#breadcrumb\"},\"inLanguage\":\"sv-SE\",\"potentialAction\":[{\"@type\":\"ReadAction\",\"target\":[\"https:\/\/luvatjavalvonta.fi\/sv\/\"]}]},{\"@type\":\"BreadcrumbList\",\"@id\":\"https:\/\/luvatjavalvonta.fi\/sv\/#breadcrumb\",\"itemListElement\":[{\"@type\":\"ListItem\",\"position\":1,\"name\":\"Home\",\"item\":\"https:\/\/luvatjavalvonta.fi\/sv\/\"},{\"@type\":\"ListItem\",\"position\":2,\"name\":\"Startsida\"}]},{\"@type\":\"WebSite\",\"@id\":\"https:\/\/luvatjavalvonta.fi\/#website\",\"url\":\"https:\/\/luvatjavalvonta.fi\/\",\"name\":\"Luvat ja valvonta\",\"description\":\"\",\"potentialAction\":[{\"@type\":\"SearchAction\",\"target\":{\"@type\":\"EntryPoint\",\"urlTemplate\":\"https:\/\/luvatjavalvonta.fi\/?s={search_term_string}\"},\"query-input\":{\"@type\":\"PropertyValueSpecification\",\"valueRequired\":true,\"valueName\":\"search_term_string\"}}],\"inLanguage\":\"sv-SE\"}]}<\/script>\n<!-- \/ Yoast SEO plugin. -->","yoast_head_json":{"title":"Startsida - Luvat ja valvonta","description":"P\u00e5 supportwebbplatsen f\u00f6r Tillst\u00e5nds- och tillsynstj\u00e4nsten finns information om inf\u00f6randet av serviceskiktet och de relaterade f\u00f6r\u00e4ndringarna i rutinerna. V\u00e4lkommen!","robots":{"index":"index","follow":"follow","max-snippet":"max-snippet:-1","max-image-preview":"max-image-preview:large","max-video-preview":"max-video-preview:-1"},"canonical":"https:\/\/luvatjavalvonta.fi\/sv\/","og_locale":"sv_SE","og_type":"article","og_title":"Startsida - Luvat ja valvonta","og_description":"P\u00e5 supportwebbplatsen f\u00f6r Tillst\u00e5nds- och tillsynstj\u00e4nsten finns information om inf\u00f6randet av serviceskiktet och de relaterade f\u00f6r\u00e4ndringarna i rutinerna. V\u00e4lkommen!","og_url":"https:\/\/luvatjavalvonta.fi\/sv\/","og_site_name":"Luvat ja valvonta","article_modified_time":"2025-10-10T08:03:04+00:00","twitter_card":"summary_large_image","schema":{"@context":"https:\/\/schema.org","@graph":[{"@type":"WebPage","@id":"https:\/\/luvatjavalvonta.fi\/sv\/","url":"https:\/\/luvatjavalvonta.fi\/sv\/","name":"Startsida - Luvat ja valvonta","isPartOf":{"@id":"https:\/\/luvatjavalvonta.fi\/#website"},"datePublished":"2020-06-16T12:27:49+00:00","dateModified":"2025-10-10T08:03:04+00:00","description":"P\u00e5 supportwebbplatsen f\u00f6r Tillst\u00e5nds- och tillsynstj\u00e4nsten finns information om inf\u00f6randet av serviceskiktet och de relaterade f\u00f6r\u00e4ndringarna i rutinerna. V\u00e4lkommen!","breadcrumb":{"@id":"https:\/\/luvatjavalvonta.fi\/sv\/#breadcrumb"},"inLanguage":"sv-SE","potentialAction":[{"@type":"ReadAction","target":["https:\/\/luvatjavalvonta.fi\/sv\/"]}]},{"@type":"BreadcrumbList","@id":"https:\/\/luvatjavalvonta.fi\/sv\/#breadcrumb","itemListElement":[{"@type":"ListItem","position":1,"name":"Home","item":"https:\/\/luvatjavalvonta.fi\/sv\/"},{"@type":"ListItem","position":2,"name":"Startsida"}]},{"@type":"WebSite","@id":"https:\/\/luvatjavalvonta.fi\/#website","url":"https:\/\/luvatjavalvonta.fi\/","name":"Luvat ja valvonta","description":"","potentialAction":[{"@type":"SearchAction","target":{"@type":"EntryPoint","urlTemplate":"https:\/\/luvatjavalvonta.fi\/?s={search_term_string}"},"query-input":{"@type":"PropertyValueSpecification","valueRequired":true,"valueName":"search_term_string"}}],"inLanguage":"sv-SE"}]}},"_links":{"self":[{"href":"https:\/\/www.luvatjavalvonta.fi\/sv\/wp-json\/wp\/v2\/pages\/4959","targetHints":{"allow":["GET"]}}],"collection":[{"href":"https:\/\/www.luvatjavalvonta.fi\/sv\/wp-json\/wp\/v2\/pages"}],"about":[{"href":"https:\/\/www.luvatjavalvonta.fi\/sv\/wp-json\/wp\/v2\/types\/page"}],"author":[{"embeddable":true,"href":"https:\/\/www.luvatjavalvonta.fi\/sv\/wp-json\/wp\/v2\/users\/1"}],"replies":[{"embeddable":true,"href":"https:\/\/www.luvatjavalvonta.fi\/sv\/wp-json\/wp\/v2\/comments?post=4959"}],"version-history":[{"count":17,"href":"https:\/\/www.luvatjavalvonta.fi\/sv\/wp-json\/wp\/v2\/pages\/4959\/revisions"}],"predecessor-version":[{"id":8075,"href":"https:\/\/www.luvatjavalvonta.fi\/sv\/wp-json\/wp\/v2\/pages\/4959\/revisions\/8075"}],"wp:attachment":[{"href":"https:\/\/www.luvatjavalvonta.fi\/sv\/wp-json\/wp\/v2\/media?parent=4959"}],"curies":[{"name":"wp","href":"https:\/\/api.w.org\/{rel}","templated":true}]}}