{"id":6103,"date":"2023-11-08T14:03:14","date_gmt":"2023-11-08T12:03:14","guid":{"rendered":"https:\/\/luvatjavalvonta.fi\/?page_id=6103"},"modified":"2023-11-08T16:04:59","modified_gmt":"2023-11-08T14:04:59","slug":"jamforelse-av-anslutningssatt","status":"publish","type":"page","link":"https:\/\/www.luvatjavalvonta.fi\/sv\/information-om-tjansten\/anslutningssatt\/jamforelse-av-anslutningssatt\/","title":{"rendered":"J\u00e4mf\u00f6relse av anslutningss\u00e4tt"},"content":{"rendered":"\n<hr class=\"wp-block-separator has-alpha-channel-opacity\"\/>\n\n\n\n<p>I tabellen nedan j\u00e4mf\u00f6rs anslutningss\u00e4tten f\u00f6r tj\u00e4nsten Tillst\u00e5nd och tillsyn.<\/p>\n<table style=\"height: 193px; width: 840px; border-collapse: collapse; border-color: #2c3a79; border-style: solid;\" border=\"3\" cellspacing=\"5\" cellpadding=\"2\">\n<tbody>\n<tr style=\"height: 124px;\">\n<th style=\"width: 17.2619%; border-color: #ffffff; background-color: #2c3a79; height: 124px;\">\n<h3><span style=\"color: #ffffff;\">Anslutnings-<br \/><\/span><span style=\"color: #ffffff;\">s\u00e4tt<\/span><\/h3>\n<\/th>\n<th style=\"width: 27.7381%; border-color: #ffffff; background-color: #2c3a79; height: 124px;\">\n<h3><span style=\"color: #ffffff;\">A)\u00a0 Elektroniskt kommunikationsgr\u00e4nssnitt<\/span><\/h3>\n<\/th>\n<th style=\"width: 27.2619%; border-color: #ffffff; background-color: #2c3a79; height: 124px;\">\n<h3><span style=\"color: #ffffff;\">B) <\/span><span style=\"color: #ffffff;\">F\u00f6renklad<br \/><\/span><span style=\"color: #ffffff;\">e-tj\u00e4nst<\/span><\/h3>\n<\/th>\n<\/tr>\n<tr style=\"height: 23px;\">\n<th style=\"width: 17.2619%; height: 23px; border-color: #ffffff; background-color: #2c3a79; text-align: center; vertical-align: middle;\">\n<h3><span style=\"color: #ffffff;\">L\u00e4mplighet<\/span><\/h3>\n<\/th>\n<td style=\"width: 27.7381%; height: 23px; background-color: #cadaf1; vertical-align: top; text-align: left;\">Det huvudsakliga anslutningss\u00e4ttet f\u00f6r myndighetens \u00e4rendehanteringstj\u00e4nster. Det s\u00e4kerst\u00e4ller att \u00e4rendena behandlas smidigt, effektivt och fritt fr\u00e5n m\u00e4nskliga fel vid data\u00f6verf\u00f6ringen.<\/td>\n<td style=\"width: 27.2619%; height: 23px; background-color: #cadaf1; vertical-align: top; text-align: left;\">F\u00f6r myndigheternas traditionella \u00e4rendehanteringstj\u00e4nster, inte e-tj\u00e4nster. L\u00e4mpar sig f\u00f6r sm\u00e5 m\u00e4ngder \u00e4renden och d\u00e5 det inte \u00e4r l\u00f6nsamt att g\u00f6ra \u00e4renden elektroniska.<\/td>\n<\/tr>\n<tr style=\"height: 23px;\">\n<th style=\"width: 17.2619%; height: 23px; border-color: #ffffff; background-color: #2c3a79; text-align: center; vertical-align: middle;\">\n<h3><span style=\"color: #ffffff;\">F\u00f6ruts\u00e4ttningar<\/span><\/h3>\n<\/th>\n<td style=\"width: 27.7381%; height: 23px; background-color: #cadaf1; vertical-align: top;\">\n<ul>\n<li>Den anslutande myndigheten har tillg\u00e5ng till en elektronisk \u00e4rendehanteringstj\u00e4nst (eller \u00e4rendehanteringssystem)<\/li>\n<li>F\u00f6rh\u00e5llandet mellan satsningen\/avkastningen p\u00e5 att bygga upp och underh\u00e5lla elektronisk informations\u00f6verf\u00f6ring (tj\u00e4nsteintegration) har unders\u00f6kts och visat sig vara l\u00f6nsamt<\/li>\n<\/ul>\n<\/td>\n<td style=\"width: 27.2619%; height: 23px; background-color: #cadaf1; vertical-align: top;\">\n<ul>\n<li style=\"text-align: left;\">Den anslutande myndigheten har inte tillg\u00e5ng till en elektronisk \u00e4rendehanteringstj\u00e4nst (eller \u00e4rendehanteringssystem) och det \u00e4r inte motiverat att skaffa det<\/li>\n<\/ul>\n<\/td>\n<\/tr>\n<tr style=\"height: 23px;\">\n<th style=\"width: 17.2619%; height: 23px; border-color: #ffffff; background-color: #2c3a79; text-align: center; vertical-align: middle;\">\n<h3><span style=\"color: #ffffff;\">F\u00f6rdelar (+)<br \/>och<br \/>nackdelar (-)<\/span><\/h3>\n<\/th>\n<td style=\"width: 27.7381%; height: 23px; background-color: #cadaf1; vertical-align: top;\">\n<ul style=\"list-style-type: '+ ';\">\n<li>\u00d6verf\u00f6r de uppgifter som kunden l\u00e4mnat of\u00f6r\u00e4ndrade direkt till myndighetens \u00e4rendehanteringsl\u00f6sning<\/li>\n<li>Kunden h\u00e4nvisas efter identifiering till att komplettera \u00e4rendet i myndighetens tj\u00e4nst (om \u00e4rendet har genomf\u00f6rts i flera steg)<\/li>\n<li>Statusuppgifterna uppdateras enligt handl\u00e4ggningen f\u00f6r kunden och andra myndigheter<\/li>\n<li>Myndighetens arbetsm\u00e4ngd \u00f6kar inte i serviceprocessen<\/li>\n<li>\u00d6verf\u00f6ringen av information kan \u00f6vervaka<\/li>\n<\/ul>\n<ul style=\"list-style-type: '- ';\">\n<li>Kr\u00e4ver tj\u00e4nsteintegration (genomf\u00f6randet kr\u00e4ver tid och medf\u00f6r kostnader)<\/li>\n<\/ul>\n<\/td>\n<td style=\"width: 27.2619%; height: 23px; background-color: #cadaf1; vertical-align: top;\">\n<ul style=\"list-style-type: '+ ';\">\n<li>Det kan inf\u00f6ras snabbt och i regel till l\u00e5ga kostnader<\/li>\n<\/ul>\n<ul style=\"list-style-type: '- ';\">\n<li>\u00d6verf\u00f6ring av data och uppdatering av statusinformation kr\u00e4ver en manuell arbetsinsats och \u00e4r f\u00f6rem\u00e5l f\u00f6r olika m\u00e4nskliga fel<\/li>\n<li>Data\u00f6verf\u00f6ringen \u00f6vervakas inte<\/li>\n<\/ul>\n<\/td>\n<\/tr>\n<\/tbody>\n<\/table>\n<h3>\u00a0<\/h3>\n","protected":false},"excerpt":{"rendered":"<p>I tabellen nedan j\u00e4mf\u00f6rs anslutningss\u00e4tten f\u00f6r tj\u00e4nsten Tillst\u00e5nd och tillsyn. Anslutnings-s\u00e4tt A)\u00a0 Elektroniskt kommunikationsgr\u00e4nssnitt B) F\u00f6renklade-tj\u00e4nst L\u00e4mplighet Det huvudsakliga anslutningss\u00e4ttet f\u00f6r myndighetens \u00e4rendehanteringstj\u00e4nster. Det s\u00e4kerst\u00e4ller att \u00e4rendena behandlas smidigt, effektivt och fritt fr\u00e5n m\u00e4nskliga fel vid data\u00f6verf\u00f6ringen. F\u00f6r myndigheternas traditionella \u00e4rendehanteringstj\u00e4nster, inte e-tj\u00e4nster. L\u00e4mpar sig f\u00f6r sm\u00e5 m\u00e4ngder \u00e4renden och d\u00e5 det inte \u00e4r l\u00f6nsamt [&hellip;]<\/p>\n","protected":false},"author":14,"featured_media":0,"parent":6066,"menu_order":34,"comment_status":"closed","ping_status":"closed","template":"","meta":{"_acf_changed":false,"inline_featured_image":false,"footnotes":""},"class_list":["post-6103","page","type-page","status-publish","hentry"],"acf":{"ai_extra_content":"","ai_instructions":"","ai_hidden_page":false},"yoast_head":"<!-- This site is optimized with the Yoast SEO plugin v25.9 - https:\/\/yoast.com\/wordpress\/plugins\/seo\/ -->\n<title>J\u00e4mf\u00f6relse av anslutningss\u00e4tt - Luvat ja valvonta<\/title>\n<meta name=\"robots\" content=\"index, follow, max-snippet:-1, max-image-preview:large, max-video-preview:-1\" \/>\n<link rel=\"canonical\" href=\"https:\/\/www.luvatjavalvonta.fi\/sv\/information-om-tjansten\/anslutningssatt\/jamforelse-av-anslutningssatt\/\" \/>\n<meta property=\"og:locale\" content=\"sv_SE\" \/>\n<meta property=\"og:type\" content=\"article\" \/>\n<meta property=\"og:title\" content=\"J\u00e4mf\u00f6relse av anslutningss\u00e4tt - Luvat ja valvonta\" \/>\n<meta property=\"og:description\" content=\"I tabellen nedan j\u00e4mf\u00f6rs anslutningss\u00e4tten f\u00f6r tj\u00e4nsten Tillst\u00e5nd och tillsyn. Anslutnings-s\u00e4tt A)\u00a0 Elektroniskt kommunikationsgr\u00e4nssnitt B) F\u00f6renklade-tj\u00e4nst L\u00e4mplighet Det huvudsakliga anslutningss\u00e4ttet f\u00f6r myndighetens \u00e4rendehanteringstj\u00e4nster. Det s\u00e4kerst\u00e4ller att \u00e4rendena behandlas smidigt, effektivt och fritt fr\u00e5n m\u00e4nskliga fel vid data\u00f6verf\u00f6ringen. F\u00f6r myndigheternas traditionella \u00e4rendehanteringstj\u00e4nster, inte e-tj\u00e4nster. L\u00e4mpar sig f\u00f6r sm\u00e5 m\u00e4ngder \u00e4renden och d\u00e5 det inte \u00e4r l\u00f6nsamt [&hellip;]\" \/>\n<meta property=\"og:url\" content=\"https:\/\/www.luvatjavalvonta.fi\/sv\/information-om-tjansten\/anslutningssatt\/jamforelse-av-anslutningssatt\/\" \/>\n<meta property=\"og:site_name\" content=\"Luvat ja valvonta\" \/>\n<meta property=\"article:modified_time\" content=\"2023-11-08T14:04:59+00:00\" \/>\n<meta name=\"twitter:card\" content=\"summary_large_image\" \/>\n<meta name=\"twitter:label1\" content=\"Est. reading time\" \/>\n\t<meta name=\"twitter:data1\" content=\"2 minutes\" \/>\n<script type=\"application\/ld+json\" class=\"yoast-schema-graph\">{\"@context\":\"https:\/\/schema.org\",\"@graph\":[{\"@type\":\"WebPage\",\"@id\":\"https:\/\/www.luvatjavalvonta.fi\/sv\/information-om-tjansten\/anslutningssatt\/jamforelse-av-anslutningssatt\/\",\"url\":\"https:\/\/www.luvatjavalvonta.fi\/sv\/information-om-tjansten\/anslutningssatt\/jamforelse-av-anslutningssatt\/\",\"name\":\"J\u00e4mf\u00f6relse av anslutningss\u00e4tt - Luvat ja valvonta\",\"isPartOf\":{\"@id\":\"https:\/\/luvatjavalvonta.fi\/#website\"},\"datePublished\":\"2023-11-08T12:03:14+00:00\",\"dateModified\":\"2023-11-08T14:04:59+00:00\",\"breadcrumb\":{\"@id\":\"https:\/\/www.luvatjavalvonta.fi\/sv\/information-om-tjansten\/anslutningssatt\/jamforelse-av-anslutningssatt\/#breadcrumb\"},\"inLanguage\":\"sv-SE\",\"potentialAction\":[{\"@type\":\"ReadAction\",\"target\":[\"https:\/\/www.luvatjavalvonta.fi\/sv\/information-om-tjansten\/anslutningssatt\/jamforelse-av-anslutningssatt\/\"]}]},{\"@type\":\"BreadcrumbList\",\"@id\":\"https:\/\/www.luvatjavalvonta.fi\/sv\/information-om-tjansten\/anslutningssatt\/jamforelse-av-anslutningssatt\/#breadcrumb\",\"itemListElement\":[{\"@type\":\"ListItem\",\"position\":1,\"name\":\"Home\",\"item\":\"http:\/\/ec2-54-75-134-196.eu-west-1.compute.amazonaws.com\/sv\/\"},{\"@type\":\"ListItem\",\"position\":2,\"name\":\"Information om tj\u00e4nsten\",\"item\":\"https:\/\/luvatjavalvonta.fi\/sv\/information-om-tjansten\/\"},{\"@type\":\"ListItem\",\"position\":3,\"name\":\"Anslutningss\u00e4tt\",\"item\":\"https:\/\/www.luvatjavalvonta.fi\/sv\/information-om-tjansten\/anslutningssatt\/\"},{\"@type\":\"ListItem\",\"position\":4,\"name\":\"J\u00e4mf\u00f6relse av anslutningss\u00e4tt\"}]},{\"@type\":\"WebSite\",\"@id\":\"https:\/\/luvatjavalvonta.fi\/#website\",\"url\":\"https:\/\/luvatjavalvonta.fi\/\",\"name\":\"Luvat ja valvonta\",\"description\":\"\",\"potentialAction\":[{\"@type\":\"SearchAction\",\"target\":{\"@type\":\"EntryPoint\",\"urlTemplate\":\"https:\/\/luvatjavalvonta.fi\/?s={search_term_string}\"},\"query-input\":{\"@type\":\"PropertyValueSpecification\",\"valueRequired\":true,\"valueName\":\"search_term_string\"}}],\"inLanguage\":\"sv-SE\"}]}<\/script>\n<!-- \/ Yoast SEO plugin. -->","yoast_head_json":{"title":"J\u00e4mf\u00f6relse av anslutningss\u00e4tt - Luvat ja valvonta","robots":{"index":"index","follow":"follow","max-snippet":"max-snippet:-1","max-image-preview":"max-image-preview:large","max-video-preview":"max-video-preview:-1"},"canonical":"https:\/\/www.luvatjavalvonta.fi\/sv\/information-om-tjansten\/anslutningssatt\/jamforelse-av-anslutningssatt\/","og_locale":"sv_SE","og_type":"article","og_title":"J\u00e4mf\u00f6relse av anslutningss\u00e4tt - Luvat ja valvonta","og_description":"I tabellen nedan j\u00e4mf\u00f6rs anslutningss\u00e4tten f\u00f6r tj\u00e4nsten Tillst\u00e5nd och tillsyn. Anslutnings-s\u00e4tt A)\u00a0 Elektroniskt kommunikationsgr\u00e4nssnitt B) F\u00f6renklade-tj\u00e4nst L\u00e4mplighet Det huvudsakliga anslutningss\u00e4ttet f\u00f6r myndighetens \u00e4rendehanteringstj\u00e4nster. Det s\u00e4kerst\u00e4ller att \u00e4rendena behandlas smidigt, effektivt och fritt fr\u00e5n m\u00e4nskliga fel vid data\u00f6verf\u00f6ringen. F\u00f6r myndigheternas traditionella \u00e4rendehanteringstj\u00e4nster, inte e-tj\u00e4nster. L\u00e4mpar sig f\u00f6r sm\u00e5 m\u00e4ngder \u00e4renden och d\u00e5 det inte \u00e4r l\u00f6nsamt [&hellip;]","og_url":"https:\/\/www.luvatjavalvonta.fi\/sv\/information-om-tjansten\/anslutningssatt\/jamforelse-av-anslutningssatt\/","og_site_name":"Luvat ja valvonta","article_modified_time":"2023-11-08T14:04:59+00:00","twitter_card":"summary_large_image","twitter_misc":{"Est. reading time":"2 minutes"},"schema":{"@context":"https:\/\/schema.org","@graph":[{"@type":"WebPage","@id":"https:\/\/www.luvatjavalvonta.fi\/sv\/information-om-tjansten\/anslutningssatt\/jamforelse-av-anslutningssatt\/","url":"https:\/\/www.luvatjavalvonta.fi\/sv\/information-om-tjansten\/anslutningssatt\/jamforelse-av-anslutningssatt\/","name":"J\u00e4mf\u00f6relse av anslutningss\u00e4tt - Luvat ja valvonta","isPartOf":{"@id":"https:\/\/luvatjavalvonta.fi\/#website"},"datePublished":"2023-11-08T12:03:14+00:00","dateModified":"2023-11-08T14:04:59+00:00","breadcrumb":{"@id":"https:\/\/www.luvatjavalvonta.fi\/sv\/information-om-tjansten\/anslutningssatt\/jamforelse-av-anslutningssatt\/#breadcrumb"},"inLanguage":"sv-SE","potentialAction":[{"@type":"ReadAction","target":["https:\/\/www.luvatjavalvonta.fi\/sv\/information-om-tjansten\/anslutningssatt\/jamforelse-av-anslutningssatt\/"]}]},{"@type":"BreadcrumbList","@id":"https:\/\/www.luvatjavalvonta.fi\/sv\/information-om-tjansten\/anslutningssatt\/jamforelse-av-anslutningssatt\/#breadcrumb","itemListElement":[{"@type":"ListItem","position":1,"name":"Home","item":"http:\/\/ec2-54-75-134-196.eu-west-1.compute.amazonaws.com\/sv\/"},{"@type":"ListItem","position":2,"name":"Information om tj\u00e4nsten","item":"https:\/\/luvatjavalvonta.fi\/sv\/information-om-tjansten\/"},{"@type":"ListItem","position":3,"name":"Anslutningss\u00e4tt","item":"https:\/\/www.luvatjavalvonta.fi\/sv\/information-om-tjansten\/anslutningssatt\/"},{"@type":"ListItem","position":4,"name":"J\u00e4mf\u00f6relse av anslutningss\u00e4tt"}]},{"@type":"WebSite","@id":"https:\/\/luvatjavalvonta.fi\/#website","url":"https:\/\/luvatjavalvonta.fi\/","name":"Luvat ja valvonta","description":"","potentialAction":[{"@type":"SearchAction","target":{"@type":"EntryPoint","urlTemplate":"https:\/\/luvatjavalvonta.fi\/?s={search_term_string}"},"query-input":{"@type":"PropertyValueSpecification","valueRequired":true,"valueName":"search_term_string"}}],"inLanguage":"sv-SE"}]}},"_links":{"self":[{"href":"https:\/\/www.luvatjavalvonta.fi\/sv\/wp-json\/wp\/v2\/pages\/6103","targetHints":{"allow":["GET"]}}],"collection":[{"href":"https:\/\/www.luvatjavalvonta.fi\/sv\/wp-json\/wp\/v2\/pages"}],"about":[{"href":"https:\/\/www.luvatjavalvonta.fi\/sv\/wp-json\/wp\/v2\/types\/page"}],"author":[{"embeddable":true,"href":"https:\/\/www.luvatjavalvonta.fi\/sv\/wp-json\/wp\/v2\/users\/14"}],"replies":[{"embeddable":true,"href":"https:\/\/www.luvatjavalvonta.fi\/sv\/wp-json\/wp\/v2\/comments?post=6103"}],"version-history":[{"count":2,"href":"https:\/\/www.luvatjavalvonta.fi\/sv\/wp-json\/wp\/v2\/pages\/6103\/revisions"}],"predecessor-version":[{"id":6506,"href":"https:\/\/www.luvatjavalvonta.fi\/sv\/wp-json\/wp\/v2\/pages\/6103\/revisions\/6506"}],"up":[{"embeddable":true,"href":"https:\/\/www.luvatjavalvonta.fi\/sv\/wp-json\/wp\/v2\/pages\/6066"}],"wp:attachment":[{"href":"https:\/\/www.luvatjavalvonta.fi\/sv\/wp-json\/wp\/v2\/media?parent=6103"}],"curies":[{"name":"wp","href":"https:\/\/api.w.org\/{rel}","templated":true}]}}